{"id":100007747,"date":"2025-08-29T10:38:51","date_gmt":"2025-08-29T16:38:51","guid":{"rendered":"https:\/\/starserver2.com\/audioclinic\/?page_id=100007747"},"modified":"2025-10-23T20:26:30","modified_gmt":"2025-10-24T02:26:30","slug":"mantenimiento","status":"publish","type":"page","link":"https:\/\/starserver2.com\/audioclinic\/mantenimiento\/","title":{"rendered":"Mantenimiento"},"content":{"rendered":"\t\t<div data-elementor-type=\"wp-page\" data-elementor-id=\"100007747\" class=\"elementor elementor-100007747\">\n\t\t\t\t\t\t<section class=\"elementor-section elementor-top-section elementor-element elementor-element-15dcf58 elementor-section-full_width elementor-section-height-default elementor-section-height-default\" data-id=\"15dcf58\" data-element_type=\"section\">\n\t\t\t\t\t\t\t<div class=\"elementor-background-overlay\"><\/div>\n\t\t\t\t\t\t\t<div class=\"elementor-container elementor-column-gap-no\">\n\t\t\t\t\t<div class=\"elementor-column elementor-col-100 elementor-top-column elementor-element elementor-element-c4f2e3e\" data-id=\"c4f2e3e\" data-element_type=\"column\">\n\t\t\t<div class=\"elementor-widget-wrap elementor-element-populated\">\n\t\t\t\t\t\t<section class=\"elementor-section elementor-inner-section elementor-element elementor-element-76e2f17 elementor-section-boxed elementor-section-height-default elementor-section-height-default\" data-id=\"76e2f17\" data-element_type=\"section\" data-settings=\"{&quot;background_background&quot;:&quot;classic&quot;}\">\n\t\t\t\t\t\t\t<div class=\"elementor-background-overlay\"><\/div>\n\t\t\t\t\t\t\t<div class=\"elementor-container elementor-column-gap-no\">\n\t\t\t\t\t<div class=\"elementor-column elementor-col-100 elementor-inner-column elementor-element elementor-element-dd1b51a\" data-id=\"dd1b51a\" data-element_type=\"column\">\n\t\t\t<div class=\"elementor-widget-wrap elementor-element-populated\">\n\t\t\t\t\t\t<div class=\"elementor-element elementor-element-aeffe0f sec-title-aligncenter elementor-widget__width-initial elementor-widget-tablet__width-inherit elementor-widget elementor-widget-medilaxsectiontitle\" data-id=\"aeffe0f\" data-element_type=\"widget\" data-widget_type=\"medilaxsectiontitle.default\">\n\t\t\t\t<div class=\"elementor-widget-container\">\n\t\t\t\t\t<div class=\"wow fadeInUp\" data-wow-delay=\"0.3s\"><div class=\"section-title center\" ><span class=\"h3 text-theme sec-subtitle subtitle-selector\">AUDIOCLINIC<\/span><h2 class=\"h1 title-selector\">Mantenimiento de auxiliares auditivos\n Oticon\n<\/h2><p class=\"desc\">Es necesario realizar un mantenimiento peri\u00f3dico a sus auxiliares auditivos para poder prolongar la vida \u00fatil de estos y garantizar que su funcionamiento contin\u00faa siendo el \u00f3ptimo.<\/p><\/div><\/div>\t\t\t\t<\/div>\n\t\t\t\t<\/div>\n\t\t\t\t\t<\/div>\n\t\t<\/div>\n\t\t\t\t\t<\/div>\n\t\t<\/section>\n\t\t\t\t\t<\/div>\n\t\t<\/div>\n\t\t\t\t\t<\/div>\n\t\t<\/section>\n\t\t<div class=\"elementor-element elementor-element-46040d2 e-con-full e-flex e-con e-parent\" data-id=\"46040d2\" data-element_type=\"container\" data-settings=\"{&quot;background_background&quot;:&quot;classic&quot;}\">\n\t\t<div class=\"elementor-element elementor-element-ab29f00 e-flex e-con-boxed e-con e-child\" data-id=\"ab29f00\" data-element_type=\"container\">\n\t\t\t\t\t<div class=\"e-con-inner\">\n\t\t\t\t<div class=\"elementor-element elementor-element-5d3f2b6 elementor-widget elementor-widget-image\" data-id=\"5d3f2b6\" data-element_type=\"widget\" data-widget_type=\"image.default\">\n\t\t\t\t<div class=\"elementor-widget-container\">\n\t\t\t\t\t\t\t\t\t\t\t\t\t\t\t<img decoding=\"async\" width=\"41\" height=\"36\" src=\"https:\/\/starserver2.com\/audioclinic\/wp-content\/uploads\/plus.svg\" class=\"attachment-full size-full wp-image-7446\" alt=\"\" title=\"\">\t\t\t\t\t\t\t\t\t\t\t\t\t\t\t<\/div>\n\t\t\t\t<\/div>\n\t\t\t\t<div class=\"elementor-element elementor-element-c82e927 sec-title-aligncenter elementor-widget elementor-widget-medilaxsectiontitle\" data-id=\"c82e927\" data-element_type=\"widget\" data-widget_type=\"medilaxsectiontitle.default\">\n\t\t\t\t<div class=\"elementor-widget-container\">\n\t\t\t\t\t<div class=\"wow fadeInUp\" data-wow-delay=\"0.3s\"><div class=\"section-title center\" ><h2 class=\"h1 title-selector\">Tipos de mantenimiento\n<\/h2><\/div><\/div>\t\t\t\t<\/div>\n\t\t\t\t<\/div>\n\t\t\t\t\t<\/div>\n\t\t\t\t<\/div>\n\t\t<div class=\"elementor-element elementor-element-c9ba1ab e-flex e-con-boxed e-con e-child\" data-id=\"c9ba1ab\" data-element_type=\"container\">\n\t\t\t\t\t<div class=\"e-con-inner\">\n\t\t<div class=\"elementor-element elementor-element-98c4df3 e-con-full e-flex e-con e-child\" data-id=\"98c4df3\" data-element_type=\"container\">\n\t\t\t\t<div class=\"elementor-element elementor-element-753a4c4 elementor-widget elementor-widget-medilaxabout\" data-id=\"753a4c4\" data-element_type=\"widget\" data-widget_type=\"medilaxabout.default\">\n\t\t\t\t<div class=\"elementor-widget-container\">\n\t\t\t\t\t<div class=\"row\"><div class=\"col-lg-5 col-md-12 col-sm-12\"><div class=\"service-tabs\"><ul class=\"nav nav-tabs\" id=\"myTab69f19c1823340\" role=\"tablist\"><li class=\"nav-item\" role=\"presentation\"><button class=\"nav-link active\" id=\"nav-tab0-nav69f19c1823340\" data-bs-toggle=\"tab\" data-bs-target=\"#nav-tab069f19c1823340\" type=\"button\" role=\"tab\" aria-controls=\"nav-tab069f19c1823340\" aria-selected=\"true\"><i class=\"fa fa-plus\"><\/i><span class=\"tab-text\">Mantenimiento Anual<\/span><\/button><button class=\"nav-link \" id=\"nav-tab1-nav69f19c1823340\" data-bs-toggle=\"tab\" data-bs-target=\"#nav-tab169f19c1823340\" type=\"button\" role=\"tab\" aria-controls=\"nav-tab169f19c1823340\" aria-selected=\"\"><i class=\"fa fa-plus\"><\/i><span class=\"tab-text\">Mantenimiento Correctivo<\/span><\/button><\/li><\/ul><\/div><\/div><div class=\"col-lg-7 col-md-12 col-sm-12\"><div class=\"tab-content\" id=\"myTab69f19c1823340Content\"><div class=\"tab-pane fade  show active\" id=\"nav-tab069f19c1823340\" role=\"tabpanel\" aria-labelledby=\"nav-tab0-nav69f19c1823340\"><div class=\"service-tab-content\">\t\t<div data-elementor-type=\"wp-post\" data-elementor-id=\"7573\" class=\"elementor elementor-7573\">\n\t\t\t\t<div class=\"elementor-element elementor-element-3518a0b e-con-full e-flex e-con e-parent\" data-id=\"3518a0b\" data-element_type=\"container\">\n\t\t\t\t<div class=\"elementor-element elementor-element-78e5172 elementor-widget elementor-widget-servicetabcontent\" data-id=\"78e5172\" data-element_type=\"widget\" data-widget_type=\"servicetabcontent.default\">\n\t\t\t\t<div class=\"elementor-widget-container\">\n\t\t\t\t\t<div class=\"service-tab-content\"><h4 class=\"title\">Mantenimiento Anual\n<\/h4><p>El mantenimiento se recomienda para la vida \u00fatil de su Auxiliar Auditivo. Consiste en una limpieza externa e interna, as\u00ed como cambio de piezas pl\u00e1sticas dependiendo de cada caso.<\/p><div class=\"ser-img-nine\"><img decoding=\"async\" src=\"https:\/\/starserver2.com\/audioclinic\/wp-content\/uploads\/AUDIOCLINIC-MANTENIMIENTO-ANUAL.jpg\" alt=\"AUDIOCLINIC MANTENIMIENTO ANUAL\" title=\"\"><div class=\"icon-box\"><img decoding=\"async\" src=\"https:\/\/starserver2.com\/audioclinic\/wp-content\/uploads\/AUDIOCLINIC-ICONS-PRODUCTOS-MANTENIMIEITNO-ANUAL.png\" alt=\"AUDIOCLINIC ICONS PRODUCTOS MANTENIMIEITNO ANUAL\" title=\"\"><\/div><\/div><\/div>\t\t\t\t<\/div>\n\t\t\t\t<\/div>\n\t\t\t\t<\/div>\n\t\t\t\t<\/div>\n\t\t<\/div><\/div><div class=\"tab-pane fade  \" id=\"nav-tab169f19c1823340\" role=\"tabpanel\" aria-labelledby=\"nav-tab1-nav69f19c1823340\"><div class=\"service-tab-content\">\t\t<div data-elementor-type=\"wp-post\" data-elementor-id=\"7580\" class=\"elementor elementor-7580\">\n\t\t\t\t<div class=\"elementor-element elementor-element-3518a0b e-con-full e-flex e-con e-parent\" data-id=\"3518a0b\" data-element_type=\"container\">\n\t\t\t\t<div class=\"elementor-element elementor-element-78e5172 elementor-widget elementor-widget-servicetabcontent\" data-id=\"78e5172\" data-element_type=\"widget\" data-widget_type=\"servicetabcontent.default\">\n\t\t\t\t<div class=\"elementor-widget-container\">\n\t\t\t\t\t<div class=\"service-tab-content\"><h4 class=\"title\">Mantenimiento Correctivo\n<\/h4><p>El presente servicio se realiza cuando es necesario corregir posibles fallas en los auxiliares auditivos. Los resultados de este mantenimiento cuentan con una garant\u00eda de 6 meses.<\/p><p>\u00a0<\/p><div class=\"ser-img-nine\"><img decoding=\"async\" src=\"https:\/\/starserver2.com\/audioclinic\/wp-content\/uploads\/AUDIOCLINIC-MANTENIMIENTO-correctivo.jpg\" alt=\"AUDIOCLINIC MANTENIMIENTO correctivo\" title=\"\"><div class=\"icon-box\"><img decoding=\"async\" src=\"https:\/\/starserver2.com\/audioclinic\/wp-content\/uploads\/AUDIOCLINIC-ICONS-PRODUCTOS-MANTENIMIENTO-CORRECTIVO.png\" alt=\"AUDIOCLINIC ICONS PRODUCTOS MANTENIMIENTO CORRECTIVO\" title=\"\"><\/div><\/div><\/div>\t\t\t\t<\/div>\n\t\t\t\t<\/div>\n\t\t\t\t<\/div>\n\t\t\t\t<\/div>\n\t\t<\/div><\/div><\/div><\/div><\/div>\t\t\t\t<\/div>\n\t\t\t\t<\/div>\n\t\t\t\t<\/div>\n\t\t\t\t\t<\/div>\n\t\t\t\t<\/div>\n\t\t\t\t<\/div>\n\t\t<div class=\"elementor-element elementor-element-fa2fdea e-flex e-con-boxed e-con e-parent\" data-id=\"fa2fdea\" data-element_type=\"container\" data-settings=\"{&quot;background_background&quot;:&quot;classic&quot;}\">\n\t\t\t\t\t<div class=\"e-con-inner\">\n\t\t<div class=\"elementor-element elementor-element-95cc31f e-con-full e-flex e-con e-child\" data-id=\"95cc31f\" data-element_type=\"container\">\n\t\t\t\t<div class=\"elementor-element elementor-element-8cbbf9c sec-title-alignleft elementor-widget elementor-widget-medilaxsectiontitle\" data-id=\"8cbbf9c\" data-element_type=\"widget\" data-widget_type=\"medilaxsectiontitle.default\">\n\t\t\t\t<div class=\"elementor-widget-container\">\n\t\t\t\t\t<div class=\"wow fadeInUp\" data-wow-delay=\"0.3s\"><div class=\"section-title left\" ><span class=\"h3 text-theme sec-subtitle subtitle-selector\">TIEMPO DE ENTREGA<\/span><h2 class=\"h1 title-selector\">Nuestro tiempo de entrega es de<br>\n2 a 3 d\u00edas h\u00e1biles<\/h2><\/div><\/div>\t\t\t\t<\/div>\n\t\t\t\t<\/div>\n\t\t\t\t<div class=\"elementor-element elementor-element-cc5ce1a elementor-widget elementor-widget-chooseusblock\" data-id=\"cc5ce1a\" data-element_type=\"widget\" data-widget_type=\"chooseusblock.default\">\n\t\t\t\t<div class=\"elementor-widget-container\">\n\t\t\t\t\t<div class=\"choose-block\"><div class=\"icon-box\"><img decoding=\"async\" src=\"https:\/\/starserver2.com\/audioclinic\/wp-content\/uploads\/AUDIOCLINIC-ICONS-PRODUCTOS-dinero-2.png\" alt=\"AUDIOCLINIC ICONS PRODUCTOS dinero 2\" title=\"\"><\/div><div class=\"content-box\"><h3 class=\"title\">Costo<\/h3><p>Pregunte por el costo de cada uno de estos mantenimientos, dependiendo del caso de cada Auxiliar Auditivo.<\/p><\/div><\/div>\t\t\t\t<\/div>\n\t\t\t\t<\/div>\n\t\t\t\t<div class=\"elementor-element elementor-element-e4c56b4 elementor-widget elementor-widget-chooseusblock\" data-id=\"e4c56b4\" data-element_type=\"widget\" data-widget_type=\"chooseusblock.default\">\n\t\t\t\t<div class=\"elementor-widget-container\">\n\t\t\t\t\t<div class=\"choose-block\"><div class=\"icon-box\"><img decoding=\"async\" src=\"https:\/\/starserver2.com\/audioclinic\/wp-content\/uploads\/AUDIOCLINIC-ICONS-PRODUCTOS-TIEMPO-1.png\" alt=\"AUDIOCLINIC ICONS PRODUCTOS TIEMPO 1\" title=\"\"><\/div><div class=\"content-box\"><h3 class=\"title\">Tiempo<\/h3><p>Para poder cumplir con los tiempos de entrega el auxiliar auditivo que se busca dejar en mantenimiento debe encontrarse en nuestras instalaciones .<\/p><\/div><\/div>\t\t\t\t<\/div>\n\t\t\t\t<\/div>\n\t\t\t\t<div class=\"elementor-element elementor-element-1b7de06 elementor-widget elementor-widget-chooseusblock\" data-id=\"1b7de06\" data-element_type=\"widget\" data-widget_type=\"chooseusblock.default\">\n\t\t\t\t<div class=\"elementor-widget-container\">\n\t\t\t\t\t<div class=\"choose-block\"><div class=\"icon-box\"><img decoding=\"async\" src=\"https:\/\/starserver2.com\/audioclinic\/wp-content\/uploads\/audifono-ICONOS-2-calidad-2-1.png\" alt=\"audifono ICONOS 2 calidad 2 1\" title=\"\"><\/div><div class=\"content-box\"><h3 class=\"title\">Calidad<\/h3><p>Contamos con el \u00fanico Laboratorio Certificado para dispositivos OTICON en M\u00e9xico.<\/p><\/div><\/div>\t\t\t\t<\/div>\n\t\t\t\t<\/div>\n\t\t\t\t<\/div>\n\t\t<div class=\"elementor-element elementor-element-ec7d182 e-flex e-con-boxed e-con e-child\" data-id=\"ec7d182\" data-element_type=\"container\">\n\t\t\t\t\t<div class=\"e-con-inner\">\n\t\t<div class=\"elementor-element elementor-element-fa064c1 e-flex e-con-boxed e-con e-child\" data-id=\"fa064c1\" data-element_type=\"container\">\n\t\t\t\t\t<div class=\"e-con-inner\">\n\t\t\t\t<div class=\"elementor-element elementor-element-045fba2 elementor-widget elementor-widget-image\" data-id=\"045fba2\" data-element_type=\"widget\" data-widget_type=\"image.default\">\n\t\t\t\t<div class=\"elementor-widget-container\">\n\t\t\t\t\t\t\t\t\t\t\t\t\t\t\t<img fetchpriority=\"high\" decoding=\"async\" width=\"664\" height=\"746\" src=\"https:\/\/starserver2.com\/audioclinic\/wp-content\/uploads\/AUDIOCLINIC-MANTO.jpg\" class=\"attachment-full size-full wp-image-100007779\" alt=\"\" srcset=\"https:\/\/starserver2.com\/audioclinic\/wp-content\/uploads\/AUDIOCLINIC-MANTO.jpg 664w, https:\/\/starserver2.com\/audioclinic\/wp-content\/uploads\/AUDIOCLINIC-MANTO-480x539.jpg 480w, https:\/\/starserver2.com\/audioclinic\/wp-content\/uploads\/AUDIOCLINIC-MANTO-600x674.jpg 600w\" sizes=\"(max-width: 664px) 100vw, 664px\" title=\"\">\t\t\t\t\t\t\t\t\t\t\t\t\t\t\t<\/div>\n\t\t\t\t<\/div>\n\t\t\t\t\t<\/div>\n\t\t\t\t<\/div>\n\t\t\t\t\t<\/div>\n\t\t\t\t<\/div>\n\t\t\t\t\t<\/div>\n\t\t\t\t<\/div>\n\t\t\t\t<section class=\"elementor-section elementor-top-section elementor-element elementor-element-dcd956e elementor-section-full_width elementor-section-height-default elementor-section-height-default\" data-id=\"dcd956e\" data-element_type=\"section\" data-settings=\"{&quot;background_background&quot;:&quot;classic&quot;,&quot;animation&quot;:&quot;none&quot;}\">\n\t\t\t\t\t\t<div class=\"elementor-container elementor-column-gap-no\">\n\t\t\t\t\t<div class=\"elementor-column elementor-col-100 elementor-top-column elementor-element elementor-element-2c56bfa\" data-id=\"2c56bfa\" data-element_type=\"column\">\n\t\t\t<div class=\"elementor-widget-wrap elementor-element-populated\">\n\t\t\t\t\t\t<section class=\"elementor-section elementor-inner-section elementor-element elementor-element-1f2521d elementor-section-boxed elementor-section-height-default elementor-section-height-default\" data-id=\"1f2521d\" data-element_type=\"section\" data-settings=\"{&quot;background_background&quot;:&quot;classic&quot;}\">\n\t\t\t\t\t\t<div class=\"elementor-container elementor-column-gap-no\">\n\t\t\t\t\t<div class=\"elementor-column elementor-col-50 elementor-inner-column elementor-element elementor-element-7792b88\" data-id=\"7792b88\" data-element_type=\"column\">\n\t\t\t<div class=\"elementor-widget-wrap elementor-element-populated\">\n\t\t\t\t\t\t<div class=\"elementor-element elementor-element-47c1eb0 elementor-widget elementor-widget-medilaxcontentheader\" data-id=\"47c1eb0\" data-element_type=\"widget\" data-widget_type=\"medilaxcontentheader.default\">\n\t\t\t\t<div class=\"elementor-widget-container\">\n\t\t\t\t\t<!-- Start Content Header--><div class=\"content-header\"><span class=\"h3 text-theme sec-subtitle mb-2 mb-md-0\">AUDIOCLINIC<\/span><h2 class=\"h1\">Mantenimiento\n<\/h2><p class=\"pe-xl-5\">Como parte de nuestra misi\u00f3n de ayudar a recuperar la audici\u00f3n de nuestros pacientes, contamos con diversos servicios de mantenimiento para auxiliares auditivos Oticon.\n\n<\/p><\/div><!--End Content Header-->\t\t\t\t<\/div>\n\t\t\t\t<\/div>\n\t\t\t\t<div class=\"elementor-element elementor-element-8f1e15d elementor-widget elementor-widget-medilaxbutton\" data-id=\"8f1e15d\" data-element_type=\"widget\" data-widget_type=\"medilaxbutton.default\">\n\t\t\t\t<div class=\"elementor-widget-container\">\n\t\t\t\t\t<div class=\"btn-align\" ><a href=\"#\" class=\"vs-btn style2\">\u00a1Ll\u00e1manos!<i class=\"fa fa-angle-right\"><\/i><\/a><\/div>\t\t\t\t<\/div>\n\t\t\t\t<\/div>\n\t\t\t\t\t<\/div>\n\t\t<\/div>\n\t\t\t\t<div class=\"elementor-column elementor-col-50 elementor-inner-column elementor-element elementor-element-e220944 animated-slow\" data-id=\"e220944\" data-element_type=\"column\" data-settings=\"{&quot;animation&quot;:&quot;none&quot;,&quot;background_background&quot;:&quot;classic&quot;}\">\n\t\t\t<div class=\"elementor-widget-wrap elementor-element-populated\">\n\t\t\t\t\t\t<div class=\"elementor-element elementor-element-18c7ac9 elementor-widget elementor-widget-medilaxcontactform\" data-id=\"18c7ac9\" data-element_type=\"widget\" data-widget_type=\"medilaxcontactform.default\">\n\t\t\t\t<div class=\"elementor-widget-container\">\n\t\t\t\t\t<!-- Contact Form --><div class=\"form-wrap1  overflow-hidden bg-white\"><div class=\"form-title-box bg-title\"><div class=\"row justify-content-between align-items-center\"><div class=\"col-auto\"><h2 class=\"form-title\">SOLICITA TU<\/h2><p class=\"form-text\">MANTENIMIENTO<\/p><\/div><div class=\"col-auto d-none d-sm-block\"><a href=\"tel:5556871717\" class=\"ripple-icon style2\"><i class=\"fas fa-phone\"><\/i><\/a><\/div><\/div><\/div>\n<div class=\"wpcf7 no-js\" id=\"wpcf7-f100008049-o1\" lang=\"en-US\" dir=\"ltr\" data-wpcf7-id=\"100008049\">\n<div class=\"screen-reader-response\"><p role=\"status\" aria-live=\"polite\" aria-atomic=\"true\"><\/p> <ul><\/ul><\/div>\n<form action=\"\/audioclinic\/wp-json\/wp\/v2\/pages\/100007747#wpcf7-f100008049-o1\" method=\"post\" class=\"wpcf7-form init\" aria-label=\"Contact form\" novalidate=\"novalidate\" data-status=\"init\">\n<fieldset class=\"hidden-fields-container\"><input type=\"hidden\" name=\"_wpcf7\" value=\"100008049\" \/><input type=\"hidden\" name=\"_wpcf7_version\" value=\"6.1.3\" \/><input type=\"hidden\" name=\"_wpcf7_locale\" value=\"en_US\" \/><input type=\"hidden\" name=\"_wpcf7_unit_tag\" value=\"wpcf7-f100008049-o1\" \/><input type=\"hidden\" name=\"_wpcf7_container_post\" value=\"0\" \/><input type=\"hidden\" name=\"_wpcf7_posted_data_hash\" value=\"\" \/>\n<\/fieldset>\n<div class=\"form-box\">\n  <div class=\"row\">\n\n    <!-- Nombre: ocupa 2 columnas (ancho completo) -->\n    <div class=\"col-12 form-group\">\n      <i class=\"fal small fa-user\"><\/i>\n      <span class=\"wpcf7-form-control-wrap\" data-name=\"text-962\"><input size=\"40\" maxlength=\"400\" class=\"wpcf7-form-control wpcf7-text wpcf7-validates-as-required form-control style3\" id=\"name\" aria-required=\"true\" aria-invalid=\"false\" placeholder=\"Nombre completo\" value=\"\" type=\"text\" name=\"text-962\" \/><\/span>\n    <\/div>\n\n    <!-- Email (izquierda) -->\n    <div class=\"col-lg-6 form-group\">\n      <i class=\"fal small fa-envelope\"><\/i>\n      <span class=\"wpcf7-form-control-wrap\" data-name=\"email-121\"><input size=\"40\" maxlength=\"400\" class=\"wpcf7-form-control wpcf7-email wpcf7-validates-as-required wpcf7-text wpcf7-validates-as-email form-control style3\" id=\"email\" aria-required=\"true\" aria-invalid=\"false\" placeholder=\"Email\" value=\"\" type=\"email\" name=\"email-121\" \/><\/span>\n    <\/div>\n\n    <!-- Tel\u00e9fono (derecha) -->\n    <div class=\"col-lg-6 form-group\">\n      <i class=\"fal small fa-phone\"><\/i>\n      <span class=\"wpcf7-form-control-wrap\" data-name=\"tel-952\"><input size=\"40\" maxlength=\"400\" class=\"wpcf7-form-control wpcf7-tel wpcf7-validates-as-required wpcf7-text wpcf7-validates-as-tel form-control style3\" id=\"phone\" aria-required=\"true\" aria-invalid=\"false\" placeholder=\"Tel\u00e9fono\" value=\"\" type=\"tel\" name=\"tel-952\" \/><\/span>\n    <\/div>\n\n    <!-- Mensaje (abajo, ancho completo) -->\n    <div class=\"col-12 form-group\">\n      <i class=\"fal small fa-comment-dots\"><\/i>\n      <span class=\"wpcf7-form-control-wrap\" data-name=\"message-001\"><textarea cols=\"40\" rows=\"10\" maxlength=\"2000\" class=\"wpcf7-form-control wpcf7-textarea wpcf7-validates-as-required form-control style3\" id=\"message\" aria-required=\"true\" aria-invalid=\"false\" placeholder=\"Mensaje\" name=\"message-001\"><\/textarea><\/span>\n    <\/div>\n\n    <!-- Bot\u00f3n -->\n    <div class=\"col-xl-12 text-center\">\n      <button type=\"submit\" class=\"vs-btn style2 wpcf7-submit\">AGENDAR<\/button>\n    <\/div>\n\n  <\/div>\n<\/div><input type='hidden' class='wpcf7-pum' value='{\"closepopup\":false,\"closedelay\":0,\"openpopup\":false,\"openpopup_id\":0}' \/><div class=\"wpcf7-response-output\" aria-hidden=\"true\"><\/div>\n<\/form>\n<\/div>\n<\/div><!-- Contact Form end -->\t\t\t\t<\/div>\n\t\t\t\t<\/div>\n\t\t\t\t\t<\/div>\n\t\t<\/div>\n\t\t\t\t\t<\/div>\n\t\t<\/section>\n\t\t\t\t\t<\/div>\n\t\t<\/div>\n\t\t\t\t\t<\/div>\n\t\t<\/section>\n\t\t\t\t<\/div>\n\t\t","protected":false},"excerpt":{"rendered":"<p>AUDIOCLINIC Mantenimiento de auxiliares auditivos Oticon Es necesario realizar un mantenimiento peri\u00f3dico a sus auxiliares auditivos para poder prolongar la vida \u00fatil de estos y garantizar que su funcionamiento contin\u00faa siendo el \u00f3ptimo. Tipos de mantenimiento Mantenimiento AnualMantenimiento Correctivo Mantenimiento Anual El mantenimiento se recomienda para la vida \u00fatil de su Auxiliar Auditivo. Consiste en&#8230;<\/p>\n","protected":false},"author":4,"featured_media":0,"parent":0,"menu_order":0,"comment_status":"closed","ping_status":"closed","template":"template-builder.php","meta":{"om_disable_all_campaigns":false,"_monsterinsights_skip_tracking":false,"_monsterinsights_sitenote_active":false,"_monsterinsights_sitenote_note":"","_monsterinsights_sitenote_category":0,"_uf_show_specific_survey":0,"_uf_disable_surveys":false,"_joinchat":[],"footnotes":""},"class_list":["post-100007747","page","type-page","status-publish","hentry"],"_links":{"self":[{"href":"https:\/\/starserver2.com\/audioclinic\/wp-json\/wp\/v2\/pages\/100007747","targetHints":{"allow":["GET"]}}],"collection":[{"href":"https:\/\/starserver2.com\/audioclinic\/wp-json\/wp\/v2\/pages"}],"about":[{"href":"https:\/\/starserver2.com\/audioclinic\/wp-json\/wp\/v2\/types\/page"}],"author":[{"embeddable":true,"href":"https:\/\/starserver2.com\/audioclinic\/wp-json\/wp\/v2\/users\/4"}],"replies":[{"embeddable":true,"href":"https:\/\/starserver2.com\/audioclinic\/wp-json\/wp\/v2\/comments?post=100007747"}],"version-history":[{"count":31,"href":"https:\/\/starserver2.com\/audioclinic\/wp-json\/wp\/v2\/pages\/100007747\/revisions"}],"predecessor-version":[{"id":100008169,"href":"https:\/\/starserver2.com\/audioclinic\/wp-json\/wp\/v2\/pages\/100007747\/revisions\/100008169"}],"wp:attachment":[{"href":"https:\/\/starserver2.com\/audioclinic\/wp-json\/wp\/v2\/media?parent=100007747"}],"curies":[{"name":"wp","href":"https:\/\/api.w.org\/{rel}","templated":true}]}}