{"id":100007594,"date":"2025-08-27T17:27:06","date_gmt":"2025-08-27T23:27:06","guid":{"rendered":"https:\/\/starserver2.com\/audioclinic\/?page_id=100007594"},"modified":"2025-09-11T11:58:26","modified_gmt":"2025-09-11T17:58:26","slug":"sucursales","status":"publish","type":"page","link":"https:\/\/starserver2.com\/audioclinic\/sucursales\/","title":{"rendered":"Sucursales"},"content":{"rendered":"\t\t<div data-elementor-type=\"wp-page\" data-elementor-id=\"100007594\" class=\"elementor elementor-100007594\">\n\t\t\t\t\t\t<section class=\"elementor-section elementor-top-section elementor-element elementor-element-593b4ac elementor-section-full_width elementor-section-height-default elementor-section-height-default\" data-id=\"593b4ac\" data-element_type=\"section\" data-settings=\"{&quot;background_background&quot;:&quot;classic&quot;}\">\n\t\t\t\t\t\t<div class=\"elementor-container elementor-column-gap-no\">\n\t\t\t\t\t<div class=\"elementor-column elementor-col-100 elementor-top-column elementor-element elementor-element-f5697b1\" data-id=\"f5697b1\" data-element_type=\"column\">\n\t\t\t<div class=\"elementor-widget-wrap elementor-element-populated\">\n\t\t\t\t\t\t<section class=\"elementor-section elementor-inner-section elementor-element elementor-element-a2a80a1 elementor-section-boxed elementor-section-height-default elementor-section-height-default\" data-id=\"a2a80a1\" data-element_type=\"section\">\n\t\t\t\t\t\t<div class=\"elementor-container elementor-column-gap-no\">\n\t\t\t\t\t<div class=\"elementor-column elementor-col-100 elementor-inner-column elementor-element elementor-element-6b7aa27\" data-id=\"6b7aa27\" data-element_type=\"column\">\n\t\t\t<div class=\"elementor-widget-wrap elementor-element-populated\">\n\t\t\t\t\t\t<div class=\"elementor-element elementor-element-f5bc687 sec-title-aligncenter elementor-widget__width-initial elementor-widget-tablet__width-inherit elementor-widget elementor-widget-medilaxsectiontitle\" data-id=\"f5bc687\" data-element_type=\"widget\" data-settings=\"{&quot;_animation&quot;:&quot;none&quot;}\" data-widget_type=\"medilaxsectiontitle.default\">\n\t\t\t\t<div class=\"elementor-widget-container\">\n\t\t\t\t\t<div class=\"wow fadeInUp\" data-wow-delay=\"0.3s\"><div class=\"section-title center\" ><span class=\"h3 text-theme sec-subtitle subtitle-selector\">AUDIOCLINIC<\/span><h2 class=\"h1 title-selector\">NUESTRAS SUCURSALES<\/h2><p class=\"desc\">Contamos con diferentes sucursales en la Rep\u00fablica Mexicana. Encuentre la sucursal o el especialista m\u00e1s cercano a usted y reciba la atenci\u00f3n que se merece<\/p><\/div><\/div>\t\t\t\t<\/div>\n\t\t\t\t<\/div>\n\t\t\t\t<div class=\"elementor-element elementor-element-40529a3 elementor-widget elementor-widget-html\" data-id=\"40529a3\" data-element_type=\"widget\" data-widget_type=\"html.default\">\n\t\t\t\t<div class=\"elementor-widget-container\">\n\t\t\t\t\t<div class=\"map_wrapper\" id=\"map_wrapper_100007839\">\n<div class=\"map_box igm_content_left_2_3\" style=\"max-width:2000px\"><div class=\"igm_select_container \">\n<select class=\"igm_select_choices\" data-noresults=\"No hay coincidencias\" data-select=\"Toque para seleccionar\" data-map-id=\"100007839\" id=\"igm_select_100007839\">\n<option value=\"\">Seleccione un Estado<\/option><option id=\"option-geo-MX-AGU\" data-map-id=\"100007839\" value=\"MX-AGU\" data-custom-properties=\"{&quot;name&quot;: &quot;Aguascalientes&quot;;}\">Aguascalientes<\/option><option id=\"option-geo-MX-BCN\" data-map-id=\"100007839\" value=\"MX-BCN\" data-custom-properties=\"{&quot;name&quot;: &quot;Baja California&quot;;}\">Baja California<\/option><option id=\"option-geo-MX-BCS\" data-map-id=\"100007839\" value=\"MX-BCS\" data-custom-properties=\"{&quot;name&quot;: &quot;Baja California Sur&quot;;}\">Baja California Sur<\/option><option id=\"option-geo-MX-CHP\" data-map-id=\"100007839\" value=\"MX-CHP\" data-custom-properties=\"{&quot;name&quot;: &quot;Chiapas&quot;;}\">Chiapas<\/option><option id=\"option-geo-MX-CHH\" data-map-id=\"100007839\" value=\"MX-CHH\" data-custom-properties=\"{&quot;name&quot;: &quot;Chihuahua&quot;;}\">Chihuahua<\/option><option id=\"option-geo-MX-CMX\" data-map-id=\"100007839\" value=\"MX-CMX\" data-custom-properties=\"{&quot;name&quot;: &quot;Ciudad de M\u00e9xico&quot;;}\">Ciudad de M\u00e9xico<\/option><option id=\"option-geo-MX-MEX\" data-map-id=\"100007839\" value=\"MX-MEX\" data-custom-properties=\"{&quot;name&quot;: &quot;Estado de M\u00e9xico&quot;;}\">Estado de M\u00e9xico<\/option><option id=\"option-geo-MX-GUA\" data-map-id=\"100007839\" value=\"MX-GUA\" data-custom-properties=\"{&quot;name&quot;: &quot;Guanajuato&quot;;}\">Guanajuato<\/option><option id=\"option-geo-MX-GRO\" data-map-id=\"100007839\" value=\"MX-GRO\" data-custom-properties=\"{&quot;name&quot;: &quot;Guerrero&quot;;}\">Guerrero<\/option><option id=\"option-geo-MX-HID\" data-map-id=\"100007839\" value=\"MX-HID\" data-custom-properties=\"{&quot;name&quot;: &quot;Hidalgo&quot;;}\">Hidalgo<\/option><option id=\"option-geo-MX-JAL\" data-map-id=\"100007839\" value=\"MX-JAL\" data-custom-properties=\"{&quot;name&quot;: &quot;Jalisco&quot;;}\">Jalisco<\/option><option id=\"option-geo-MX-MIC\" data-map-id=\"100007839\" value=\"MX-MIC\" data-custom-properties=\"{&quot;name&quot;: &quot;Michoac\u00e1n&quot;;}\">Michoac\u00e1n<\/option><option id=\"option-geo-MX-MOR\" data-map-id=\"100007839\" value=\"MX-MOR\" data-custom-properties=\"{&quot;name&quot;: &quot;Morelos&quot;;}\">Morelos<\/option><option id=\"option-geo-MX-NAY\" data-map-id=\"100007839\" value=\"MX-NAY\" data-custom-properties=\"{&quot;name&quot;: &quot;Nayarit&quot;;}\">Nayarit<\/option><option id=\"option-geo-MX-NLE\" data-map-id=\"100007839\" value=\"MX-NLE\" data-custom-properties=\"{&quot;name&quot;: &quot;Nuevo Le\u00f3n&quot;;}\">Nuevo Le\u00f3n<\/option><option id=\"option-geo-MX-PUE\" data-map-id=\"100007839\" value=\"MX-PUE\" data-custom-properties=\"{&quot;name&quot;: &quot;Puebla&quot;;}\">Puebla<\/option><option id=\"option-geo-MX-QUE\" data-map-id=\"100007839\" value=\"MX-QUE\" data-custom-properties=\"{&quot;name&quot;: &quot;Quer\u00e9taro&quot;;}\">Quer\u00e9taro<\/option><option id=\"option-geo-MX-SIN\" data-map-id=\"100007839\" value=\"MX-SIN\" data-custom-properties=\"{&quot;name&quot;: &quot;Sinaloa&quot;;}\">Sinaloa<\/option><option id=\"option-geo-MX-SON\" data-map-id=\"100007839\" value=\"MX-SON\" data-custom-properties=\"{&quot;name&quot;: &quot;Sonora&quot;;}\">Sonora<\/option><option id=\"option-geo-MX-TAB\" data-map-id=\"100007839\" value=\"MX-TAB\" data-custom-properties=\"{&quot;name&quot;: &quot;Tabasco&quot;;}\">Tabasco<\/option><option id=\"option-geo-MX-TAM\" data-map-id=\"100007839\" value=\"MX-TAM\" data-custom-properties=\"{&quot;name&quot;: &quot;Tamaulipas&quot;;}\">Tamaulipas<\/option><option id=\"option-geo-MX-VER\" data-map-id=\"100007839\" value=\"MX-VER\" data-custom-properties=\"{&quot;name&quot;: &quot;Veracruz&quot;;}\">Veracruz<\/option><option id=\"option-geo-MX-ZAC\" data-map-id=\"100007839\" value=\"MX-ZAC\" data-custom-properties=\"{&quot;name&quot;: &quot;Zacatecas&quot;;}\">Zacatecas<\/option><\/select><\/div>\n<div class=\"map_aspect_ratio\" style=\"padding-top:56%\" data-padding-top=\"56%\" data-padding-top-mobile=\"0%\">\n<div class=\"map_container\">\n<div class=\"map_render map_loading\" id=\"map_100007839\"><\/div>\n<\/div>\n<\/div>\n<\/div><div class=\"igm_content_gutter\" style=\"width:3%\"><\/div><div style=\"width:30%\" class=\"igm_content_right_1_3\"><div id=\"default_100007839\">Sucursales Audioclinic<\/div><\/div>\n<\/div>\t\t\t\t<\/div>\n\t\t\t\t<\/div>\n\t\t\t\t\t<\/div>\n\t\t<\/div>\n\t\t\t\t\t<\/div>\n\t\t<\/section>\n\t\t\t\t\t<\/div>\n\t\t<\/div>\n\t\t\t\t\t<\/div>\n\t\t<\/section>\n\t\t\t\t<section class=\"elementor-section elementor-top-section elementor-element elementor-element-68e7622 elementor-section-full_width elementor-section-height-default elementor-section-height-default\" data-id=\"68e7622\" data-element_type=\"section\" data-settings=\"{&quot;background_background&quot;:&quot;classic&quot;}\">\n\t\t\t\t\t\t<div class=\"elementor-container elementor-column-gap-no\">\n\t\t\t\t\t<div class=\"elementor-column elementor-col-100 elementor-top-column elementor-element elementor-element-c20675d\" data-id=\"c20675d\" data-element_type=\"column\">\n\t\t\t<div class=\"elementor-widget-wrap elementor-element-populated\">\n\t\t\t\t\t\t<section class=\"elementor-section elementor-inner-section elementor-element elementor-element-b132143 elementor-section-boxed elementor-section-height-default elementor-section-height-default\" data-id=\"b132143\" data-element_type=\"section\">\n\t\t\t\t\t\t<div class=\"elementor-container elementor-column-gap-no\">\n\t\t\t\t\t<div class=\"elementor-column elementor-col-50 elementor-inner-column elementor-element elementor-element-c2cd3f6\" data-id=\"c2cd3f6\" data-element_type=\"column\">\n\t\t\t<div class=\"elementor-widget-wrap elementor-element-populated\">\n\t\t\t\t\t\t<div class=\"elementor-element elementor-element-7dbca21 elementor-widget elementor-widget-medilaxcontentheader\" data-id=\"7dbca21\" data-element_type=\"widget\" data-widget_type=\"medilaxcontentheader.default\">\n\t\t\t\t<div class=\"elementor-widget-container\">\n\t\t\t\t\t<!-- Start Content Header--><div class=\"content-header\"><span class=\"h3 text-theme sec-subtitle mb-2 mb-md-0\">\u00a1\u00daNETE!<\/span><h2 class=\"h1\">a nuestro Newsletter<\/h2><p class=\"pe-xl-5\">Mant\u00e9nte informado de nuestras promociones, nuevos productos y todo lo que tenemos para ti.<\/p><\/div><!--End Content Header-->\t\t\t\t<\/div>\n\t\t\t\t<\/div>\n\t\t\t\t\t<\/div>\n\t\t<\/div>\n\t\t\t\t<div class=\"elementor-column elementor-col-50 elementor-inner-column elementor-element elementor-element-36a9771\" data-id=\"36a9771\" data-element_type=\"column\">\n\t\t\t<div class=\"elementor-widget-wrap elementor-element-populated\">\n\t\t\t\t\t\t<div class=\"elementor-element elementor-element-d4cf793 elementor-widget elementor-widget-medilaxnewsletter\" data-id=\"d4cf793\" data-element_type=\"widget\" data-widget_type=\"medilaxnewsletter.default\">\n\t\t\t\t<div class=\"elementor-widget-container\">\n\t\t\t\t\t<div class=\"form-style1 form-wrap2\">\n<div class=\"wpcf7 no-js\" id=\"wpcf7-f6-o1\" lang=\"en-US\" dir=\"ltr\" data-wpcf7-id=\"6\">\n<div class=\"screen-reader-response\"><p role=\"status\" aria-live=\"polite\" aria-atomic=\"true\"><\/p> <ul><\/ul><\/div>\n<form action=\"\/audioclinic\/wp-json\/wp\/v2\/pages\/100007594#wpcf7-f6-o1\" method=\"post\" class=\"wpcf7-form init\" aria-label=\"Contact form\" novalidate=\"novalidate\" data-status=\"init\">\n<fieldset class=\"hidden-fields-container\"><input type=\"hidden\" name=\"_wpcf7\" value=\"6\" \/><input type=\"hidden\" name=\"_wpcf7_version\" value=\"6.1.3\" \/><input type=\"hidden\" name=\"_wpcf7_locale\" value=\"en_US\" \/><input type=\"hidden\" name=\"_wpcf7_unit_tag\" value=\"wpcf7-f6-o1\" \/><input type=\"hidden\" name=\"_wpcf7_container_post\" value=\"0\" \/><input type=\"hidden\" name=\"_wpcf7_posted_data_hash\" value=\"\" \/>\n<\/fieldset>\n<div class=\"form-group mb-0 d-md-flex text-center text-md-start\"><i class=\"fas fa-envelope text-theme\"><\/i><span class=\"wpcf7-form-control-wrap\" data-name=\"email-470\"><input size=\"40\" maxlength=\"400\" class=\"wpcf7-form-control wpcf7-email wpcf7-validates-as-required wpcf7-text wpcf7-validates-as-email form-control\" aria-required=\"true\" aria-invalid=\"false\" placeholder=\"Ingresa tu cuenta de email\" value=\"\" type=\"email\" name=\"email-470\" \/><\/span><button type=\"submit\" class=\"vs-btn style2 mt-30 mt-md-0 wpcf7-submit\">Subscribirse<\/button><\/div><input type='hidden' class='wpcf7-pum' value='{\"closepopup\":false,\"closedelay\":0,\"openpopup\":false,\"openpopup_id\":0}' \/><div class=\"wpcf7-response-output\" aria-hidden=\"true\"><\/div>\n<\/form>\n<\/div>\n<\/div>\t\t\t\t<\/div>\n\t\t\t\t<\/div>\n\t\t\t\t\t<\/div>\n\t\t<\/div>\n\t\t\t\t\t<\/div>\n\t\t<\/section>\n\t\t\t\t\t<\/div>\n\t\t<\/div>\n\t\t\t\t\t<\/div>\n\t\t<\/section>\n\t\t\t\t<\/div>\n\t\t","protected":false},"excerpt":{"rendered":"<p>AUDIOCLINIC NUESTRAS SUCURSALES Contamos con diferentes sucursales en la Rep\u00fablica Mexicana. Encuentre la sucursal o el especialista m\u00e1s cercano a usted y reciba la atenci\u00f3n que se merece \u00a1\u00daNETE! a nuestro Newsletter Mant\u00e9nte informado de nuestras promociones, nuevos productos y todo lo que tenemos para ti. Subscribirse<\/p>\n","protected":false},"author":4,"featured_media":0,"parent":0,"menu_order":0,"comment_status":"closed","ping_status":"closed","template":"template-builder.php","meta":{"om_disable_all_campaigns":false,"_monsterinsights_skip_tracking":false,"_monsterinsights_sitenote_active":false,"_monsterinsights_sitenote_note":"","_monsterinsights_sitenote_category":0,"_uf_show_specific_survey":0,"_uf_disable_surveys":false,"_joinchat":[],"footnotes":""},"class_list":["post-100007594","page","type-page","status-publish","hentry"],"_links":{"self":[{"href":"https:\/\/starserver2.com\/audioclinic\/wp-json\/wp\/v2\/pages\/100007594","targetHints":{"allow":["GET"]}}],"collection":[{"href":"https:\/\/starserver2.com\/audioclinic\/wp-json\/wp\/v2\/pages"}],"about":[{"href":"https:\/\/starserver2.com\/audioclinic\/wp-json\/wp\/v2\/types\/page"}],"author":[{"embeddable":true,"href":"https:\/\/starserver2.com\/audioclinic\/wp-json\/wp\/v2\/users\/4"}],"replies":[{"embeddable":true,"href":"https:\/\/starserver2.com\/audioclinic\/wp-json\/wp\/v2\/comments?post=100007594"}],"version-history":[{"count":20,"href":"https:\/\/starserver2.com\/audioclinic\/wp-json\/wp\/v2\/pages\/100007594\/revisions"}],"predecessor-version":[{"id":100007908,"href":"https:\/\/starserver2.com\/audioclinic\/wp-json\/wp\/v2\/pages\/100007594\/revisions\/100007908"}],"wp:attachment":[{"href":"https:\/\/starserver2.com\/audioclinic\/wp-json\/wp\/v2\/media?parent=100007594"}],"curies":[{"name":"wp","href":"https:\/\/api.w.org\/{rel}","templated":true}]}}